{"id":25,"date":"2025-05-17T22:03:00","date_gmt":"2025-05-18T03:03:00","guid":{"rendered":"https:\/\/clinichispanarenacer.com\/about\/"},"modified":"2025-05-21T22:46:07","modified_gmt":"2025-05-22T03:46:07","slug":"about","status":"publish","type":"page","link":"https:\/\/clinichispanarenacer.com\/es\/about\/","title":{"rendered":"Acerca"},"content":{"rendered":"<div data-elementor-type=\"wp-page\" data-elementor-id=\"25\" class=\"elementor elementor-25\">\n\t\t\t\t<div class=\"elementor-element elementor-element-30a2f9f e-flex e-con-boxed e-con e-parent\" data-id=\"30a2f9f\" data-element_type=\"container\" data-e-type=\"container\" data-settings=\"{&quot;background_background&quot;:&quot;classic&quot;}\">\n\t\t\t\t\t<div class=\"e-con-inner\">\n\t\t<div class=\"elementor-element elementor-element-d87b428 e-con-full e-flex e-con e-child\" data-id=\"d87b428\" data-element_type=\"container\" data-e-type=\"container\">\n\t\t\t\t<div class=\"elementor-element elementor-element-7da17b2 elementor-widget elementor-widget-heading\" data-id=\"7da17b2\" data-element_type=\"widget\" data-e-type=\"widget\" data-widget_type=\"heading.default\">\n\t\t\t\t<div class=\"elementor-widget-container\">\n\t\t\t\t\t<h6 class=\"elementor-heading-title elementor-size-default\">Acerca de m\u00ed<\/h6>\t\t\t\t<\/div>\n\t\t\t\t<\/div>\n\t\t\t\t<div class=\"elementor-element elementor-element-b2c5022 elementor-widget elementor-widget-heading\" data-id=\"b2c5022\" data-element_type=\"widget\" data-e-type=\"widget\" data-widget_type=\"heading.default\">\n\t\t\t\t<div class=\"elementor-widget-container\">\n\t\t\t\t\t<h1 class=\"elementor-heading-title elementor-size-default\">Tu Salud es mi Pasi\u00f3n<\/h1>\t\t\t\t<\/div>\n\t\t\t\t<\/div>\n\t\t\t\t<\/div>\n\t\t\t\t\t<\/div>\n\t\t\t\t<\/div>\n\t\t<div class=\"elementor-element elementor-element-4602706 e-flex e-con-boxed e-con e-parent\" data-id=\"4602706\" data-element_type=\"container\" data-e-type=\"container\" data-settings=\"{&quot;background_background&quot;:&quot;classic&quot;}\">\n\t\t\t\t\t<div class=\"e-con-inner\">\n\t\t<div class=\"elementor-element elementor-element-3e3e242 e-con-full e-flex e-con e-child\" data-id=\"3e3e242\" data-element_type=\"container\" data-e-type=\"container\">\n\t\t\t\t<div class=\"elementor-element elementor-element-024294f elementor-widget elementor-widget-heading\" data-id=\"024294f\" data-element_type=\"widget\" data-e-type=\"widget\" data-widget_type=\"heading.default\">\n\t\t\t\t<div class=\"elementor-widget-container\">\n\t\t\t\t\t<h2 class=\"elementor-heading-title elementor-size-default\">En nuestra cl\u00ednica, creemos que la verdadera salud se trata del equilibrio: f\u00edsico, emocional y mental.<\/h2>\t\t\t\t<\/div>\n\t\t\t\t<\/div>\n\t\t\t\t<\/div>\n\t\t<div class=\"elementor-element elementor-element-cbf17be e-con-full e-flex e-con e-child\" data-id=\"cbf17be\" data-element_type=\"container\" data-e-type=\"container\">\n\t\t\t\t<div class=\"elementor-element elementor-element-40faf11 elementor-widget elementor-widget-heading\" data-id=\"40faf11\" data-element_type=\"widget\" data-e-type=\"widget\" data-widget_type=\"heading.default\">\n\t\t\t\t<div class=\"elementor-widget-container\">\n\t\t\t\t\t<h6 class=\"elementor-heading-title elementor-size-default\">Ayudamos a nuestros clientes a desarrollar h\u00e1bitos saludables, sentirse mejor y encontrar lo que funciona para ellos.<\/h6>\t\t\t\t<\/div>\n\t\t\t\t<\/div>\n\t\t\t\t<div class=\"elementor-element elementor-element-d696e4b elementor-widget elementor-widget-text-editor\" data-id=\"d696e4b\" data-element_type=\"widget\" data-e-type=\"widget\" data-widget_type=\"text-editor.default\">\n\t\t\t\t<div class=\"elementor-widget-container\">\n\t\t\t\t\t\t\t\t\t<p>Por eso nos comprometemos a brindarle atenci\u00f3n compasiva y personalizada que le ayude a sentirse lo mejor posible cada d\u00eda. Ya sea que est\u00e9 lidiando con una afecci\u00f3n o simplemente se centre en la prevenci\u00f3n, estamos aqu\u00ed para guiarle hacia una vida m\u00e1s saludable y equilibrada.<\/p>\t\t\t\t\t\t\t\t<\/div>\n\t\t\t\t<\/div>\n\t\t\t\t<\/div>\n\t\t\t\t\t<\/div>\n\t\t\t\t<\/div>\n\t\t<div class=\"elementor-element elementor-element-ec678f2 e-flex e-con-boxed e-con e-parent\" data-id=\"ec678f2\" data-element_type=\"container\" data-e-type=\"container\">\n\t\t\t\t\t<div class=\"e-con-inner\">\n\t\t<div class=\"elementor-element elementor-element-d354f62 e-con-full e-flex e-con e-child\" data-id=\"d354f62\" data-element_type=\"container\" data-e-type=\"container\">\n\t\t\t\t<div class=\"elementor-element elementor-element-a013033 elementor-widget elementor-widget-image\" data-id=\"a013033\" data-element_type=\"widget\" data-e-type=\"widget\" data-widget_type=\"image.default\">\n\t\t\t\t<div class=\"elementor-widget-container\">\n\t\t\t\t\t\t\t\t\t\t\t\t\t\t\t<img fetchpriority=\"high\" decoding=\"async\" width=\"2560\" height=\"1707\" src=\"https:\/\/clinichispanarenacer.com\/wp-content\/uploads\/2025\/05\/pexels-karolina-grabowska-5206923-scaled.jpg\" class=\"attachment-full size-full wp-image-950\" alt=\"\" srcset=\"https:\/\/clinichispanarenacer.com\/wp-content\/uploads\/2025\/05\/pexels-karolina-grabowska-5206923-scaled.jpg 2560w, https:\/\/clinichispanarenacer.com\/wp-content\/uploads\/2025\/05\/pexels-karolina-grabowska-5206923-300x200.jpg 300w, https:\/\/clinichispanarenacer.com\/wp-content\/uploads\/2025\/05\/pexels-karolina-grabowska-5206923-1024x683.jpg 1024w, https:\/\/clinichispanarenacer.com\/wp-content\/uploads\/2025\/05\/pexels-karolina-grabowska-5206923-768x512.jpg 768w, https:\/\/clinichispanarenacer.com\/wp-content\/uploads\/2025\/05\/pexels-karolina-grabowska-5206923-1536x1024.jpg 1536w, https:\/\/clinichispanarenacer.com\/wp-content\/uploads\/2025\/05\/pexels-karolina-grabowska-5206923-2048x1365.jpg 2048w, https:\/\/clinichispanarenacer.com\/wp-content\/uploads\/2025\/05\/pexels-karolina-grabowska-5206923-18x12.jpg 18w\" sizes=\"(max-width: 2560px) 100vw, 2560px\" \/>\t\t\t\t\t\t\t\t\t\t\t\t\t\t\t<\/div>\n\t\t\t\t<\/div>\n\t\t\t\t<\/div>\n\t\t<div class=\"elementor-element elementor-element-92a929c e-con-full e-flex e-con e-child\" data-id=\"92a929c\" data-element_type=\"container\" data-e-type=\"container\">\n\t\t\t\t<div class=\"elementor-element elementor-element-8a7ff77 elementor-widget elementor-widget-heading\" data-id=\"8a7ff77\" data-element_type=\"widget\" data-e-type=\"widget\" data-widget_type=\"heading.default\">\n\t\t\t\t<div class=\"elementor-widget-container\">\n\t\t\t\t\t<h2 class=\"elementor-heading-title elementor-size-default\">Tu viaje hacia una mejor salud comienza aqu\u00ed<\/h2>\t\t\t\t<\/div>\n\t\t\t\t<\/div>\n\t\t\t\t<div class=\"elementor-element elementor-element-b139f35 elementor-widget elementor-widget-text-editor\" data-id=\"b139f35\" data-element_type=\"widget\" data-e-type=\"widget\" data-widget_type=\"text-editor.default\">\n\t\t\t\t<div class=\"elementor-widget-container\">\n\t\t\t\t\t\t\t\t\t<p>Su salud es nuestra prioridad. Le guiamos con cari\u00f1o hacia una vida equilibrada y un futuro sin enfermedades prevenibles.<\/p>\t\t\t\t\t\t\t\t<\/div>\n\t\t\t\t<\/div>\n\t\t\t\t<\/div>\n\t\t\t\t\t<\/div>\n\t\t\t\t<\/div>\n\t\t<div class=\"elementor-element elementor-element-8ccd9bd e-flex e-con-boxed e-con e-parent\" data-id=\"8ccd9bd\" data-element_type=\"container\" data-e-type=\"container\" data-settings=\"{&quot;background_background&quot;:&quot;classic&quot;}\">\n\t\t\t\t\t<div class=\"e-con-inner\">\n\t\t<div class=\"elementor-element elementor-element-08caa2a e-con-full e-flex e-con e-child\" data-id=\"08caa2a\" data-element_type=\"container\" data-e-type=\"container\">\n\t\t\t\t<div class=\"elementor-element elementor-element-d51f3ca elementor-widget elementor-widget-heading\" data-id=\"d51f3ca\" data-element_type=\"widget\" data-e-type=\"widget\" data-widget_type=\"heading.default\">\n\t\t\t\t<div class=\"elementor-widget-container\">\n\t\t\t\t\t<h2 class=\"elementor-heading-title elementor-size-default\">EXCELENCIA<\/h2>\t\t\t\t<\/div>\n\t\t\t\t<\/div>\n\t\t\t\t<\/div>\n\t\t<div class=\"elementor-element elementor-element-2676a80 e-con-full e-flex e-con e-child\" data-id=\"2676a80\" data-element_type=\"container\" data-e-type=\"container\">\n\t\t\t\t<div class=\"elementor-element elementor-element-8cd659b elementor-widget elementor-widget-heading\" data-id=\"8cd659b\" data-element_type=\"widget\" data-e-type=\"widget\" data-widget_type=\"heading.default\">\n\t\t\t\t<div class=\"elementor-widget-container\">\n\t\t\t\t\t<h2 class=\"elementor-heading-title elementor-size-default\">INTEGRIDAD<\/h2>\t\t\t\t<\/div>\n\t\t\t\t<\/div>\n\t\t\t\t<\/div>\n\t\t<div class=\"elementor-element elementor-element-79124f7 e-con-full e-flex e-con e-child\" data-id=\"79124f7\" data-element_type=\"container\" data-e-type=\"container\">\n\t\t\t\t<div class=\"elementor-element elementor-element-6150a82 elementor-widget elementor-widget-heading\" data-id=\"6150a82\" data-element_type=\"widget\" data-e-type=\"widget\" data-widget_type=\"heading.default\">\n\t\t\t\t<div class=\"elementor-widget-container\">\n\t\t\t\t\t<h2 class=\"elementor-heading-title elementor-size-default\">PREVENCI\u00d3N<\/h2>\t\t\t\t<\/div>\n\t\t\t\t<\/div>\n\t\t\t\t<\/div>\n\t\t\t\t\t<\/div>\n\t\t\t\t<\/div>\n\t\t<div class=\"elementor-element elementor-element-0dbf7e5 e-flex e-con-boxed e-con e-parent\" data-id=\"0dbf7e5\" data-element_type=\"container\" data-e-type=\"container\">\n\t\t\t\t\t<div class=\"e-con-inner\">\n\t\t<div class=\"elementor-element elementor-element-ccdde62 e-con-full e-flex e-con e-child\" data-id=\"ccdde62\" data-element_type=\"container\" data-e-type=\"container\">\n\t\t\t\t<div class=\"elementor-element elementor-element-33081de elementor-widget elementor-widget-heading\" data-id=\"33081de\" data-element_type=\"widget\" data-e-type=\"widget\" data-widget_type=\"heading.default\">\n\t\t\t\t<div class=\"elementor-widget-container\">\n\t\t\t\t\t<h2 class=\"elementor-heading-title elementor-size-default\"><div dir=\"auto\">PREVENCI\u00d3N<span style=\"font-size: 3rem;font-style: inherit;font-weight: inherit\"><\/span><\/div><\/h2>\t\t\t\t<\/div>\n\t\t\t\t<\/div>\n\t\t\t\t<div class=\"elementor-element elementor-element-ab240aa elementor-widget elementor-widget-text-editor\" data-id=\"ab240aa\" data-element_type=\"widget\" data-e-type=\"widget\" data-widget_type=\"text-editor.default\">\n\t\t\t\t<div class=\"elementor-widget-container\">\n\t\t\t\t\t\t\t\t\t<p>En la Cl\u00ednica Hispana Renacer, no solo tratamos s\u00edntomas, sino que cuidamos a la persona en su totalidad. Nuestro enfoque en la prevenci\u00f3n, el apoyo emocional y la atenci\u00f3n personalizada garantiza que cada paciente se sienta escuchado, respetado y empoderado. Estamos aqu\u00ed para guiarle en cada etapa de su camino hacia la salud, con un equipo compasivo que comprende su cultura, su idioma y sus necesidades. Porque su bienestar es nuestro prop\u00f3sito.<\/p>\t\t\t\t\t\t\t\t<\/div>\n\t\t\t\t<\/div>\n\t\t\t\t<div class=\"elementor-element elementor-element-f7d4de9 elementor-widget elementor-widget-latepoint_book_button\" data-id=\"f7d4de9\" data-element_type=\"widget\" data-e-type=\"widget\" data-widget_type=\"latepoint_book_button.default\">\n\t\t\t\t<div class=\"elementor-widget-container\">\n\t\t\t\t\t<div class=\"latepoint-book-button-wrapper elementor-button-wrapper\"><a href=\"#\" class=\"latepoint-book-button os_trigger_booking elementor-button elementor-button-link elementor-size-sm\" data-hide-side-panel=\"no\" data-hide-summary=\"no\" >Reservar una cita<\/a><\/div>\t\t\t\t<\/div>\n\t\t\t\t<\/div>\n\t\t\t\t<\/div>\n\t\t<div class=\"elementor-element elementor-element-3df323d e-con-full e-flex e-con e-child\" data-id=\"3df323d\" data-element_type=\"container\" data-e-type=\"container\">\n\t\t\t\t<div class=\"elementor-element elementor-element-4ee2c81 elementor-widget elementor-widget-image\" data-id=\"4ee2c81\" data-element_type=\"widget\" data-e-type=\"widget\" data-widget_type=\"image.default\">\n\t\t\t\t<div class=\"elementor-widget-container\">\n\t\t\t\t\t\t\t\t\t\t\t\t\t\t\t<img decoding=\"async\" width=\"2560\" height=\"1707\" src=\"https:\/\/clinichispanarenacer.com\/wp-content\/uploads\/2025\/05\/pexels-cedric-fauntleroy-4269203-scaled.jpg\" class=\"attachment-full size-full wp-image-992\" alt=\"\" srcset=\"https:\/\/clinichispanarenacer.com\/wp-content\/uploads\/2025\/05\/pexels-cedric-fauntleroy-4269203-scaled.jpg 2560w, https:\/\/clinichispanarenacer.com\/wp-content\/uploads\/2025\/05\/pexels-cedric-fauntleroy-4269203-300x200.jpg 300w, https:\/\/clinichispanarenacer.com\/wp-content\/uploads\/2025\/05\/pexels-cedric-fauntleroy-4269203-1024x683.jpg 1024w, https:\/\/clinichispanarenacer.com\/wp-content\/uploads\/2025\/05\/pexels-cedric-fauntleroy-4269203-768x512.jpg 768w, https:\/\/clinichispanarenacer.com\/wp-content\/uploads\/2025\/05\/pexels-cedric-fauntleroy-4269203-1536x1024.jpg 1536w, https:\/\/clinichispanarenacer.com\/wp-content\/uploads\/2025\/05\/pexels-cedric-fauntleroy-4269203-2048x1365.jpg 2048w, https:\/\/clinichispanarenacer.com\/wp-content\/uploads\/2025\/05\/pexels-cedric-fauntleroy-4269203-18x12.jpg 18w\" sizes=\"(max-width: 2560px) 100vw, 2560px\" \/>\t\t\t\t\t\t\t\t\t\t\t\t\t\t\t<\/div>\n\t\t\t\t<\/div>\n\t\t\t\t<\/div>\n\t\t\t\t\t<\/div>\n\t\t\t\t<\/div>\n\t\t\t\t<\/div>","protected":false},"excerpt":{"rendered":"<p>About Me Your Health is my Passion At our clinic, we believe that true heath is about balance-physical, emitional, and [&hellip;]<\/p>\n","protected":false},"author":1,"featured_media":0,"parent":0,"menu_order":0,"comment_status":"closed","ping_status":"closed","template":"","meta":{"site-sidebar-layout":"no-sidebar","site-content-layout":"","ast-site-content-layout":"full-width-container","site-content-style":"default","site-sidebar-style":"default","ast-global-header-display":"","ast-banner-title-visibility":"","ast-main-header-display":"","ast-hfb-above-header-display":"","ast-hfb-below-header-display":"","ast-hfb-mobile-header-display":"","site-post-title":"disabled","ast-breadcrumbs-content":"","ast-featured-img":"disabled","footer-sml-layout":"","theme-transparent-header-meta":"","adv-header-id-meta":"","stick-header-meta":"","header-above-stick-meta":"","header-main-stick-meta":"","header-below-stick-meta":"","astra-migrate-meta-layouts":"default","ast-page-background-enabled":"default","ast-page-background-meta":{"desktop":{"background-color":"var(--ast-global-color-4)","background-image":"","background-repeat":"repeat","background-position":"center center","background-size":"auto","background-attachment":"scroll","background-type":"","background-media":"","overlay-type":"","overlay-color":"","overlay-opacity":"","overlay-gradient":""},"tablet":{"background-color":"","background-image":"","background-repeat":"repeat","background-position":"center center","background-size":"auto","background-attachment":"scroll","background-type":"","background-media":"","overlay-type":"","overlay-color":"","overlay-opacity":"","overlay-gradient":""},"mobile":{"background-color":"","background-image":"","background-repeat":"repeat","background-position":"center center","background-size":"auto","background-attachment":"scroll","background-type":"","background-media":"","overlay-type":"","overlay-color":"","overlay-opacity":"","overlay-gradient":""}},"ast-content-background-meta":{"desktop":{"background-color":"var(--ast-global-color-5)","background-image":"","background-repeat":"repeat","background-position":"center center","background-size":"auto","background-attachment":"scroll","background-type":"","background-media":"","overlay-type":"","overlay-color":"","overlay-opacity":"","overlay-gradient":""},"tablet":{"background-color":"var(--ast-global-color-5)","background-image":"","background-repeat":"repeat","background-position":"center center","background-size":"auto","background-attachment":"scroll","background-type":"","background-media":"","overlay-type":"","overlay-color":"","overlay-opacity":"","overlay-gradient":""},"mobile":{"background-color":"var(--ast-global-color-5)","background-image":"","background-repeat":"repeat","background-position":"center center","background-size":"auto","background-attachment":"scroll","background-type":"","background-media":"","overlay-type":"","overlay-color":"","overlay-opacity":"","overlay-gradient":""}},"footnotes":""},"class_list":["post-25","page","type-page","status-publish","hentry"],"yoast_head":"<!-- This site is optimized with the Yoast SEO plugin v27.5 - https:\/\/yoast.com\/product\/yoast-seo-wordpress\/ -->\n<title>About | Clinica Hispana Renacer<\/title>\n<meta name=\"robots\" content=\"index, follow, max-snippet:-1, max-image-preview:large, max-video-preview:-1\" \/>\n<link rel=\"canonical\" href=\"https:\/\/clinichispanarenacer.com\/es\/about\/\" \/>\n<meta property=\"og:locale\" content=\"es_MX\" \/>\n<meta property=\"og:type\" content=\"article\" \/>\n<meta property=\"og:title\" content=\"About | Clinica Hispana Renacer\" \/>\n<meta property=\"og:description\" content=\"About Me Your Health is my Passion At our clinic, we believe that true heath is about balance-physical, emitional, and [&hellip;]\" \/>\n<meta property=\"og:url\" content=\"https:\/\/clinichispanarenacer.com\/es\/about\/\" \/>\n<meta property=\"og:site_name\" content=\"Clinica Hispana Renacer\" \/>\n<meta property=\"article:publisher\" content=\"https:\/\/www.facebook.com\/profile.php?id=61576283784094\" \/>\n<meta property=\"article:modified_time\" content=\"2025-05-22T03:46:07+00:00\" \/>\n<meta property=\"og:image\" content=\"https:\/\/clinichispanarenacer.com\/wp-content\/uploads\/2025\/05\/pexels-karolina-grabowska-5206923-scaled.jpg\" \/>\n\t<meta property=\"og:image:width\" content=\"2560\" \/>\n\t<meta property=\"og:image:height\" content=\"1707\" \/>\n\t<meta property=\"og:image:type\" content=\"image\/jpeg\" \/>\n<meta name=\"twitter:card\" content=\"summary_large_image\" \/>\n<meta name=\"twitter:label1\" content=\"Tiempo de lectura\" \/>\n\t<meta name=\"twitter:data1\" content=\"2 minutos\" \/>\n<script type=\"application\/ld+json\" class=\"yoast-schema-graph\">{\"@context\":\"https:\\\/\\\/schema.org\",\"@graph\":[{\"@type\":\"WebPage\",\"@id\":\"https:\\\/\\\/clinichispanarenacer.com\\\/about\\\/\",\"url\":\"https:\\\/\\\/clinichispanarenacer.com\\\/about\\\/\",\"name\":\"About | Clinica Hispana Renacer\",\"isPartOf\":{\"@id\":\"https:\\\/\\\/clinichispanarenacer-11205d0.ingress-erytho.ewp.live\\\/#website\"},\"primaryImageOfPage\":{\"@id\":\"https:\\\/\\\/clinichispanarenacer.com\\\/about\\\/#primaryimage\"},\"image\":{\"@id\":\"https:\\\/\\\/clinichispanarenacer.com\\\/about\\\/#primaryimage\"},\"thumbnailUrl\":\"https:\\\/\\\/clinichispanarenacer.com\\\/wp-content\\\/uploads\\\/2025\\\/05\\\/pexels-karolina-grabowska-5206923-scaled.jpg\",\"datePublished\":\"2025-05-18T03:03:00+00:00\",\"dateModified\":\"2025-05-22T03:46:07+00:00\",\"breadcrumb\":{\"@id\":\"https:\\\/\\\/clinichispanarenacer.com\\\/about\\\/#breadcrumb\"},\"inLanguage\":\"es\",\"potentialAction\":[{\"@type\":\"ReadAction\",\"target\":[\"https:\\\/\\\/clinichispanarenacer.com\\\/about\\\/\"]}]},{\"@type\":\"ImageObject\",\"inLanguage\":\"es\",\"@id\":\"https:\\\/\\\/clinichispanarenacer.com\\\/about\\\/#primaryimage\",\"url\":\"https:\\\/\\\/clinichispanarenacer.com\\\/wp-content\\\/uploads\\\/2025\\\/05\\\/pexels-karolina-grabowska-5206923-scaled.jpg\",\"contentUrl\":\"https:\\\/\\\/clinichispanarenacer.com\\\/wp-content\\\/uploads\\\/2025\\\/05\\\/pexels-karolina-grabowska-5206923-scaled.jpg\"},{\"@type\":\"BreadcrumbList\",\"@id\":\"https:\\\/\\\/clinichispanarenacer.com\\\/about\\\/#breadcrumb\",\"itemListElement\":[{\"@type\":\"ListItem\",\"position\":1,\"name\":\"Home\",\"item\":\"https:\\\/\\\/clinichispanarenacer.com\\\/\"},{\"@type\":\"ListItem\",\"position\":2,\"name\":\"About\"}]},{\"@type\":\"WebSite\",\"@id\":\"https:\\\/\\\/clinichispanarenacer-11205d0.ingress-erytho.ewp.live\\\/#website\",\"url\":\"https:\\\/\\\/clinichispanarenacer-11205d0.ingress-erytho.ewp.live\\\/\",\"name\":\"Cl\u00ednica Hispana Renacer\",\"description\":\"Renace tu bienestar con atenci\u00f3n confiable.\",\"publisher\":{\"@id\":\"https:\\\/\\\/clinichispanarenacer-11205d0.ingress-erytho.ewp.live\\\/#organization\"},\"alternateName\":\"Cl\u00ednica Hispana Renacer\",\"potentialAction\":[{\"@type\":\"SearchAction\",\"target\":{\"@type\":\"EntryPoint\",\"urlTemplate\":\"https:\\\/\\\/clinichispanarenacer-11205d0.ingress-erytho.ewp.live\\\/?s={search_term_string}\"},\"query-input\":{\"@type\":\"PropertyValueSpecification\",\"valueRequired\":true,\"valueName\":\"search_term_string\"}}],\"inLanguage\":\"es\"},{\"@type\":\"Organization\",\"@id\":\"https:\\\/\\\/clinichispanarenacer-11205d0.ingress-erytho.ewp.live\\\/#organization\",\"name\":\"Clinica Hispana Renacer\",\"url\":\"https:\\\/\\\/clinichispanarenacer-11205d0.ingress-erytho.ewp.live\\\/\",\"logo\":{\"@type\":\"ImageObject\",\"inLanguage\":\"es\",\"@id\":\"https:\\\/\\\/clinichispanarenacer-11205d0.ingress-erytho.ewp.live\\\/#\\\/schema\\\/logo\\\/image\\\/\",\"url\":\"https:\\\/\\\/clinichispanarenacer.com\\\/wp-content\\\/uploads\\\/2025\\\/05\\\/cropped-logo_transparent-512x512-1.png\",\"contentUrl\":\"https:\\\/\\\/clinichispanarenacer.com\\\/wp-content\\\/uploads\\\/2025\\\/05\\\/cropped-logo_transparent-512x512-1.png\",\"width\":512,\"height\":470,\"caption\":\"Clinica Hispana Renacer\"},\"image\":{\"@id\":\"https:\\\/\\\/clinichispanarenacer-11205d0.ingress-erytho.ewp.live\\\/#\\\/schema\\\/logo\\\/image\\\/\"},\"sameAs\":[\"https:\\\/\\\/www.facebook.com\\\/profile.php?id=61576283784094\"]}]}<\/script>\n<!-- \/ Yoast SEO plugin. -->","yoast_head_json":{"title":"About | Clinica Hispana Renacer","robots":{"index":"index","follow":"follow","max-snippet":"max-snippet:-1","max-image-preview":"max-image-preview:large","max-video-preview":"max-video-preview:-1"},"canonical":"https:\/\/clinichispanarenacer.com\/es\/about\/","og_locale":"es_MX","og_type":"article","og_title":"About | Clinica Hispana Renacer","og_description":"About Me Your Health is my Passion At our clinic, we believe that true heath is about balance-physical, emitional, and [&hellip;]","og_url":"https:\/\/clinichispanarenacer.com\/es\/about\/","og_site_name":"Clinica Hispana Renacer","article_publisher":"https:\/\/www.facebook.com\/profile.php?id=61576283784094","article_modified_time":"2025-05-22T03:46:07+00:00","og_image":[{"width":2560,"height":1707,"url":"https:\/\/clinichispanarenacer.com\/wp-content\/uploads\/2025\/05\/pexels-karolina-grabowska-5206923-scaled.jpg","type":"image\/jpeg"}],"twitter_card":"summary_large_image","twitter_misc":{"Tiempo de lectura":"2 minutos"},"schema":{"@context":"https:\/\/schema.org","@graph":[{"@type":"WebPage","@id":"https:\/\/clinichispanarenacer.com\/about\/","url":"https:\/\/clinichispanarenacer.com\/about\/","name":"About | Clinica Hispana Renacer","isPartOf":{"@id":"https:\/\/clinichispanarenacer-11205d0.ingress-erytho.ewp.live\/#website"},"primaryImageOfPage":{"@id":"https:\/\/clinichispanarenacer.com\/about\/#primaryimage"},"image":{"@id":"https:\/\/clinichispanarenacer.com\/about\/#primaryimage"},"thumbnailUrl":"https:\/\/clinichispanarenacer.com\/wp-content\/uploads\/2025\/05\/pexels-karolina-grabowska-5206923-scaled.jpg","datePublished":"2025-05-18T03:03:00+00:00","dateModified":"2025-05-22T03:46:07+00:00","breadcrumb":{"@id":"https:\/\/clinichispanarenacer.com\/about\/#breadcrumb"},"inLanguage":"es","potentialAction":[{"@type":"ReadAction","target":["https:\/\/clinichispanarenacer.com\/about\/"]}]},{"@type":"ImageObject","inLanguage":"es","@id":"https:\/\/clinichispanarenacer.com\/about\/#primaryimage","url":"https:\/\/clinichispanarenacer.com\/wp-content\/uploads\/2025\/05\/pexels-karolina-grabowska-5206923-scaled.jpg","contentUrl":"https:\/\/clinichispanarenacer.com\/wp-content\/uploads\/2025\/05\/pexels-karolina-grabowska-5206923-scaled.jpg"},{"@type":"BreadcrumbList","@id":"https:\/\/clinichispanarenacer.com\/about\/#breadcrumb","itemListElement":[{"@type":"ListItem","position":1,"name":"Home","item":"https:\/\/clinichispanarenacer.com\/"},{"@type":"ListItem","position":2,"name":"About"}]},{"@type":"WebSite","@id":"https:\/\/clinichispanarenacer-11205d0.ingress-erytho.ewp.live\/#website","url":"https:\/\/clinichispanarenacer-11205d0.ingress-erytho.ewp.live\/","name":"Cl\u00ednica Hispana Renacer","description":"Renace tu bienestar con atenci\u00f3n confiable.","publisher":{"@id":"https:\/\/clinichispanarenacer-11205d0.ingress-erytho.ewp.live\/#organization"},"alternateName":"Cl\u00ednica Hispana Renacer","potentialAction":[{"@type":"SearchAction","target":{"@type":"EntryPoint","urlTemplate":"https:\/\/clinichispanarenacer-11205d0.ingress-erytho.ewp.live\/?s={search_term_string}"},"query-input":{"@type":"PropertyValueSpecification","valueRequired":true,"valueName":"search_term_string"}}],"inLanguage":"es"},{"@type":"Organization","@id":"https:\/\/clinichispanarenacer-11205d0.ingress-erytho.ewp.live\/#organization","name":"Clinica Hispana Renacer","url":"https:\/\/clinichispanarenacer-11205d0.ingress-erytho.ewp.live\/","logo":{"@type":"ImageObject","inLanguage":"es","@id":"https:\/\/clinichispanarenacer-11205d0.ingress-erytho.ewp.live\/#\/schema\/logo\/image\/","url":"https:\/\/clinichispanarenacer.com\/wp-content\/uploads\/2025\/05\/cropped-logo_transparent-512x512-1.png","contentUrl":"https:\/\/clinichispanarenacer.com\/wp-content\/uploads\/2025\/05\/cropped-logo_transparent-512x512-1.png","width":512,"height":470,"caption":"Clinica Hispana Renacer"},"image":{"@id":"https:\/\/clinichispanarenacer-11205d0.ingress-erytho.ewp.live\/#\/schema\/logo\/image\/"},"sameAs":["https:\/\/www.facebook.com\/profile.php?id=61576283784094"]}]}},"_links":{"self":[{"href":"https:\/\/clinichispanarenacer.com\/es\/wp-json\/wp\/v2\/pages\/25","targetHints":{"allow":["GET"]}}],"collection":[{"href":"https:\/\/clinichispanarenacer.com\/es\/wp-json\/wp\/v2\/pages"}],"about":[{"href":"https:\/\/clinichispanarenacer.com\/es\/wp-json\/wp\/v2\/types\/page"}],"author":[{"embeddable":true,"href":"https:\/\/clinichispanarenacer.com\/es\/wp-json\/wp\/v2\/users\/1"}],"replies":[{"embeddable":true,"href":"https:\/\/clinichispanarenacer.com\/es\/wp-json\/wp\/v2\/comments?post=25"}],"version-history":[{"count":5,"href":"https:\/\/clinichispanarenacer.com\/es\/wp-json\/wp\/v2\/pages\/25\/revisions"}],"predecessor-version":[{"id":995,"href":"https:\/\/clinichispanarenacer.com\/es\/wp-json\/wp\/v2\/pages\/25\/revisions\/995"}],"wp:attachment":[{"href":"https:\/\/clinichispanarenacer.com\/es\/wp-json\/wp\/v2\/media?parent=25"}],"curies":[{"name":"wp","href":"https:\/\/api.w.org\/{rel}","templated":true}]}}